{"id":340,"date":"2023-04-25T23:25:18","date_gmt":"2023-04-26T02:25:18","guid":{"rendered":"http:\/\/soarescortez.adv.br\/?page_id=340"},"modified":"2023-08-29T22:36:58","modified_gmt":"2023-08-30T01:36:58","slug":"noticias","status":"publish","type":"page","link":"https:\/\/soarescortez.adv.br\/index.php\/noticias\/","title":{"rendered":"Not\u00edcias"},"content":{"rendered":"\t\t<div data-elementor-type=\"wp-page\" data-elementor-id=\"340\" class=\"elementor elementor-340\" data-elementor-post-type=\"page\">\n\t\t\t\t\t\t<section class=\"elementor-section elementor-top-section elementor-element elementor-element-1cb16e0 elementor-section-full_width elementor-section-stretched elementor-hidden-mobile elementor-section-height-default elementor-section-height-default\" data-id=\"1cb16e0\" data-element_type=\"section\" data-settings=\"{&quot;stretch_section&quot;:&quot;section-stretched&quot;}\">\n\t\t\t\t\t\t<div class=\"elementor-container elementor-column-gap-default\">\n\t\t\t\t\t<div class=\"elementor-column elementor-col-100 elementor-top-column elementor-element elementor-element-e5edef4\" data-id=\"e5edef4\" data-element_type=\"column\">\n\t\t\t<div class=\"elementor-widget-wrap elementor-element-populated\">\n\t\t\t\t\t\t<div class=\"elementor-element elementor-element-d20a0bc elementor--h-position-center elementor--v-position-middle elementor-pagination-position-inside elementor-widget elementor-widget-slides\" data-id=\"d20a0bc\" data-element_type=\"widget\" data-settings=\"{&quot;navigation&quot;:&quot;dots&quot;,&quot;autoplay&quot;:&quot;yes&quot;,&quot;pause_on_hover&quot;:&quot;yes&quot;,&quot;pause_on_interaction&quot;:&quot;yes&quot;,&quot;autoplay_speed&quot;:5000,&quot;infinite&quot;:&quot;yes&quot;,&quot;transition&quot;:&quot;slide&quot;,&quot;transition_speed&quot;:500}\" data-widget_type=\"slides.default\">\n\t\t\t\t<div class=\"elementor-widget-container\">\n\t\t\t\t\t\t\t<div class=\"elementor-swiper\">\n\t\t\t<div class=\"elementor-slides-wrapper elementor-main-swiper swiper\" dir=\"ltr\" data-animation=\"fadeInUp\">\n\t\t\t\t<div class=\"swiper-wrapper elementor-slides\">\n\t\t\t\t\t\t\t\t\t\t<div class=\"elementor-repeater-item-64d28f1 swiper-slide\"><div class=\"swiper-slide-bg\" role=\"img\"><\/div><div class=\"swiper-slide-inner\" ><div class=\"swiper-slide-contents\"><\/div><\/div><\/div>\t\t\t\t<\/div>\n\t\t\t\t\t\t\t<\/div>\n\t\t<\/div>\n\t\t\t\t\t\t<\/div>\n\t\t\t\t<\/div>\n\t\t\t\t\t<\/div>\n\t\t<\/div>\n\t\t\t\t\t<\/div>\n\t\t<\/section>\n\t\t\t\t<section class=\"elementor-section elementor-top-section elementor-element elementor-element-139cf0f elementor-section-full_width elementor-section-stretched elementor-hidden-desktop elementor-hidden-tablet elementor-section-height-default elementor-section-height-default\" data-id=\"139cf0f\" data-element_type=\"section\" data-settings=\"{&quot;stretch_section&quot;:&quot;section-stretched&quot;}\">\n\t\t\t\t\t\t<div class=\"elementor-container elementor-column-gap-default\">\n\t\t\t\t\t<div class=\"elementor-column elementor-col-100 elementor-top-column elementor-element elementor-element-26cafd2\" data-id=\"26cafd2\" data-element_type=\"column\">\n\t\t\t<div class=\"elementor-widget-wrap elementor-element-populated\">\n\t\t\t\t\t\t<div class=\"elementor-element elementor-element-9099c13 elementor--h-position-center elementor--v-position-middle elementor-pagination-position-inside elementor-widget elementor-widget-slides\" data-id=\"9099c13\" data-element_type=\"widget\" data-settings=\"{&quot;navigation&quot;:&quot;dots&quot;,&quot;autoplay&quot;:&quot;yes&quot;,&quot;pause_on_hover&quot;:&quot;yes&quot;,&quot;pause_on_interaction&quot;:&quot;yes&quot;,&quot;autoplay_speed&quot;:5000,&quot;infinite&quot;:&quot;yes&quot;,&quot;transition&quot;:&quot;slide&quot;,&quot;transition_speed&quot;:500}\" data-widget_type=\"slides.default\">\n\t\t\t\t<div class=\"elementor-widget-container\">\n\t\t\t\t\t\t\t<div class=\"elementor-swiper\">\n\t\t\t<div class=\"elementor-slides-wrapper elementor-main-swiper swiper\" dir=\"ltr\" data-animation=\"fadeInUp\">\n\t\t\t\t<div class=\"swiper-wrapper elementor-slides\">\n\t\t\t\t\t\t\t\t\t\t<div class=\"elementor-repeater-item-64d28f1 swiper-slide\"><div class=\"swiper-slide-bg\" role=\"img\"><\/div><div class=\"swiper-slide-inner\" ><div class=\"swiper-slide-contents\"><\/div><\/div><\/div>\t\t\t\t<\/div>\n\t\t\t\t\t\t\t<\/div>\n\t\t<\/div>\n\t\t\t\t\t\t<\/div>\n\t\t\t\t<\/div>\n\t\t\t\t\t<\/div>\n\t\t<\/div>\n\t\t\t\t\t<\/div>\n\t\t<\/section>\n\t\t\t\t<section class=\"elementor-section elementor-top-section elementor-element elementor-element-30fead33 elementor-section-boxed elementor-section-height-default elementor-section-height-default\" data-id=\"30fead33\" data-element_type=\"section\" data-settings=\"{&quot;background_background&quot;:&quot;classic&quot;}\">\n\t\t\t\t\t\t<div class=\"elementor-container elementor-column-gap-default\">\n\t\t\t\t\t<div class=\"elementor-column elementor-col-100 elementor-top-column elementor-element elementor-element-7066670b\" data-id=\"7066670b\" data-element_type=\"column\">\n\t\t\t<div class=\"elementor-widget-wrap elementor-element-populated\">\n\t\t\t\t\t\t<div class=\"elementor-element elementor-element-a76c3ef elementor-widget elementor-widget-jkit_post_block\" data-id=\"a76c3ef\" data-element_type=\"widget\" data-widget_type=\"jkit_post_block.default\">\n\t\t\t\t<div class=\"elementor-widget-container\">\n\t\t\t\t\t<div  class=\"jeg-elementor-kit jkit-postblock postblock-type-2 jkit-pagination-nextprev post-element jeg_module___6a08b963b4f42\"  data-id=\"jeg_module___6a08b963b4f42\" data-settings=\"{&quot;post_type&quot;:&quot;post&quot;,&quot;number_post&quot;:{&quot;unit&quot;:&quot;px&quot;,&quot;size&quot;:1,&quot;sizes&quot;:[]},&quot;post_offset&quot;:0,&quot;unique_content&quot;:&quot;disable&quot;,&quot;include_post&quot;:&quot;&quot;,&quot;exclude_post&quot;:&quot;&quot;,&quot;include_category&quot;:&quot;&quot;,&quot;exclude_category&quot;:&quot;&quot;,&quot;include_author&quot;:&quot;&quot;,&quot;include_tag&quot;:&quot;&quot;,&quot;exclude_tag&quot;:&quot;&quot;,&quot;sort_by&quot;:&quot;latest&quot;,&quot;pagination_mode&quot;:&quot;nextprev&quot;,&quot;pagination_loadmore_text&quot;:&quot;Load More&quot;,&quot;pagination_loading_text&quot;:&quot;Loading...&quot;,&quot;pagination_number_post&quot;:{&quot;unit&quot;:&quot;px&quot;,&quot;size&quot;:3,&quot;sizes&quot;:[]},&quot;pagination_scroll_limit&quot;:0,&quot;pagination_icon&quot;:{&quot;value&quot;:&quot;&quot;,&quot;library&quot;:&quot;&quot;},&quot;pagination_icon_position&quot;:&quot;before&quot;,&quot;st_category_position&quot;:&quot;center&quot;,&quot;sg_content_postblock_type&quot;:&quot;type-2&quot;,&quot;sg_content_element_order&quot;:&quot;title,meta,read&quot;,&quot;sg_content_breakpoint&quot;:&quot;tablet&quot;,&quot;sg_content_title_html_tag&quot;:&quot;h4&quot;,&quot;sg_content_category_enable&quot;:&quot;yes&quot;,&quot;sg_content_excerpt_enable&quot;:&quot;yes&quot;,&quot;sg_content_excerpt_length&quot;:{&quot;unit&quot;:&quot;px&quot;,&quot;size&quot;:20,&quot;sizes&quot;:[]},&quot;sg_content_excerpt_more&quot;:&quot;...&quot;,&quot;sg_content_readmore_enable&quot;:&quot;yes&quot;,&quot;sg_content_readmore_icon&quot;:{&quot;value&quot;:&quot;fas fa-arrow-right&quot;,&quot;library&quot;:&quot;fa-solid&quot;},&quot;sg_content_readmore_icon_position&quot;:&quot;after&quot;,&quot;sg_content_readmore_text&quot;:&quot;Leia mais&quot;,&quot;sg_content_comment_enable&quot;:&quot;&quot;,&quot;sg_content_comment_icon&quot;:{&quot;value&quot;:&quot;fas fa-comment&quot;,&quot;library&quot;:&quot;fa-solid&quot;},&quot;sg_content_comment_icon_position&quot;:&quot;before&quot;,&quot;sg_content_meta_enable&quot;:&quot;&quot;,&quot;sg_content_meta_author_enable&quot;:&quot;&quot;,&quot;sg_content_meta_author_by_text&quot;:&quot;by&quot;,&quot;sg_content_meta_author_icon&quot;:{&quot;value&quot;:&quot;fas fa-user&quot;,&quot;library&quot;:&quot;fa-solid&quot;},&quot;sg_content_meta_author_icon_position&quot;:&quot;before&quot;,&quot;sg_content_meta_date_enable&quot;:&quot;&quot;,&quot;sg_content_meta_date_type&quot;:&quot;published&quot;,&quot;sg_content_meta_date_format&quot;:&quot;default&quot;,&quot;sg_content_meta_date_format_custom&quot;:&quot;F j, Y&quot;,&quot;sg_content_meta_date_icon&quot;:{&quot;value&quot;:&quot;fas fa-clock&quot;,&quot;library&quot;:&quot;fa-solid&quot;},&quot;sg_content_meta_date_icon_position&quot;:&quot;before&quot;,&quot;sg_content_image_size_imagesize_size&quot;:&quot;full&quot;,&quot;paged&quot;:1,&quot;class&quot;:&quot;jkit_post_block&quot;}\"><div class=\"jkit-block-container\"><div class=\"jkit-posts jkit-ajax-flag\">\n            <article class=\"jkit-post post-205 post type-post status-publish format-standard has-post-thumbnail hentry category-noticias\">\n                    <div class=\"jkit-thumb\"><a aria-label=\"Seguro de cart\u00e3o de cr\u00e9dito n\u00e3o \u00e9 obrigat\u00f3rio.\" href=\"https:\/\/soarescortez.adv.br\/index.php\/2023\/04\/24\/seguro-de-cartao-de-credito-nao-e-obrigatorio\/\"><div class=\"thumbnail-container \">\n            <img loading=\"lazy\" width=\"2000\" height=\"1333\" src=\"https:\/\/soarescortez.adv.br\/wp-content\/uploads\/2023\/04\/business-financing-accounting-banking-concept.jpg\" class=\"attachment-full size-full wp-post-image\" alt=\"\" decoding=\"async\" loading=\"lazy\" srcset=\"https:\/\/soarescortez.adv.br\/wp-content\/uploads\/2023\/04\/business-financing-accounting-banking-concept.jpg 2000w, https:\/\/soarescortez.adv.br\/wp-content\/uploads\/2023\/04\/business-financing-accounting-banking-concept-300x200.jpg 300w, https:\/\/soarescortez.adv.br\/wp-content\/uploads\/2023\/04\/business-financing-accounting-banking-concept-1024x682.jpg 1024w, https:\/\/soarescortez.adv.br\/wp-content\/uploads\/2023\/04\/business-financing-accounting-banking-concept-768x512.jpg 768w, https:\/\/soarescortez.adv.br\/wp-content\/uploads\/2023\/04\/business-financing-accounting-banking-concept-1536x1024.jpg 1536w\" sizes=\"(max-width: 2000px) 100vw, 2000px\" \/>\n        <\/div><\/a><\/div>\n                    <div class=\"jkit-postblock-content\"><div class=\"jkit-post-category \"><span><a href=\"https:\/\/soarescortez.adv.br\/index.php\/category\/noticias\/\" class=\"category-noticias\">Not\u00edcias<\/a><\/span><\/div><h4 class=\"jkit-post-title\">\n\t\t\t\t\t\t\t<a href=\"https:\/\/soarescortez.adv.br\/index.php\/2023\/04\/24\/seguro-de-cartao-de-credito-nao-e-obrigatorio\/\">Seguro de cart\u00e3o de cr\u00e9dito n\u00e3o \u00e9 obrigat\u00f3rio.<\/a>\n\t\t\t\t\t\t<\/h4><div class=\"jkit-post-meta-bottom\">\n\t\t\t\t\t\t\t<div class=\"jkit-meta-readmore icon-position-after\">\n                <a title=\"Seguro de cart\u00e3o de cr\u00e9dito n\u00e3o \u00e9 obrigat\u00f3rio.\" href=\"https:\/\/soarescortez.adv.br\/index.php\/2023\/04\/24\/seguro-de-cartao-de-credito-nao-e-obrigatorio\/\" class=\"jkit-readmore\">Leia mais<i aria-hidden=\"true\" class=\"fas fa-arrow-right\"><\/i><\/a>\n            <\/div>\n\t\t\t\t\t\t<\/div><\/div>\n                <\/article>\n        <\/div><div class=\"jkit-preloader-overlay\">\n\t\t\t\t\t<div class=\"jkit-preloader-type jkit-preloader-dot\">\n\t\t\t\t\t\t<div class=\"jkit-preloader\">\n\t\t\t\t\t\t\t<span><\/span><span><\/span><span><\/span>\n\t\t\t\t\t\t<\/div>\n\t\t\t\t\t<\/div>\n\t\t\t\t<\/div><\/div><div class=\"jkit-block-pagination jkit-align\"><div class=\"jkit-pagination-button jkit-block-nextprev jkit-nextprev-normal\">\n\t\t\t\t\t\t<button type=\"button\" class=\"prev disabled\" title=\"Previous\"><i aria-hidden=\"true\" class=\"jki jki-angle-left-solid\"><\/i><\/button>\n\t\t\t\t\t\t<button type=\"button\" class=\"next \" title=\"Next\"><i aria-hidden=\"true\" class=\"jki jki-angle-right-solid\"><\/i><\/button>\n\t\t\t\t\t<\/div><\/div><\/div>\t\t\t\t<\/div>\n\t\t\t\t<\/div>\n\t\t\t\t<div class=\"elementor-element elementor-element-932da77 elementor-widget elementor-widget-jkit_post_block\" data-id=\"932da77\" data-element_type=\"widget\" data-widget_type=\"jkit_post_block.default\">\n\t\t\t\t<div class=\"elementor-widget-container\">\n\t\t\t\t\t<div  class=\"jeg-elementor-kit jkit-postblock postblock-type-3 jkit-pagination-loadmore post-element jeg_module__1_6a08b963b7a3e\"  data-id=\"jeg_module__1_6a08b963b7a3e\" data-settings=\"{&quot;post_type&quot;:&quot;post&quot;,&quot;number_post&quot;:{&quot;unit&quot;:&quot;px&quot;,&quot;size&quot;:3,&quot;sizes&quot;:[]},&quot;post_offset&quot;:0,&quot;unique_content&quot;:&quot;disable&quot;,&quot;include_post&quot;:&quot;&quot;,&quot;exclude_post&quot;:&quot;&quot;,&quot;include_category&quot;:&quot;&quot;,&quot;exclude_category&quot;:&quot;&quot;,&quot;include_author&quot;:&quot;&quot;,&quot;include_tag&quot;:&quot;&quot;,&quot;exclude_tag&quot;:&quot;&quot;,&quot;sort_by&quot;:&quot;latest&quot;,&quot;pagination_mode&quot;:&quot;loadmore&quot;,&quot;pagination_loadmore_text&quot;:&quot;Load More&quot;,&quot;pagination_loading_text&quot;:&quot;Loading...&quot;,&quot;pagination_number_post&quot;:{&quot;unit&quot;:&quot;px&quot;,&quot;size&quot;:3,&quot;sizes&quot;:[]},&quot;pagination_scroll_limit&quot;:0,&quot;pagination_icon&quot;:{&quot;value&quot;:&quot;&quot;,&quot;library&quot;:&quot;&quot;},&quot;pagination_icon_position&quot;:&quot;before&quot;,&quot;st_category_position&quot;:&quot;left&quot;,&quot;sg_content_postblock_type&quot;:&quot;type-3&quot;,&quot;sg_content_element_order&quot;:&quot;title,meta,excerpt,read&quot;,&quot;sg_content_breakpoint&quot;:&quot;tablet&quot;,&quot;sg_content_title_html_tag&quot;:&quot;h3&quot;,&quot;sg_content_category_enable&quot;:&quot;yes&quot;,&quot;sg_content_excerpt_enable&quot;:&quot;yes&quot;,&quot;sg_content_excerpt_length&quot;:{&quot;unit&quot;:&quot;px&quot;,&quot;size&quot;:20,&quot;sizes&quot;:[]},&quot;sg_content_excerpt_more&quot;:&quot;...&quot;,&quot;sg_content_readmore_enable&quot;:&quot;yes&quot;,&quot;sg_content_readmore_icon&quot;:{&quot;value&quot;:&quot;fas fa-arrow-right&quot;,&quot;library&quot;:&quot;fa-solid&quot;},&quot;sg_content_readmore_icon_position&quot;:&quot;after&quot;,&quot;sg_content_readmore_text&quot;:&quot;Leia mais&quot;,&quot;sg_content_comment_enable&quot;:&quot;&quot;,&quot;sg_content_comment_icon&quot;:{&quot;value&quot;:&quot;fas fa-comment&quot;,&quot;library&quot;:&quot;fa-solid&quot;},&quot;sg_content_comment_icon_position&quot;:&quot;before&quot;,&quot;sg_content_meta_enable&quot;:&quot;&quot;,&quot;sg_content_meta_author_enable&quot;:&quot;&quot;,&quot;sg_content_meta_author_by_text&quot;:&quot;by&quot;,&quot;sg_content_meta_author_icon&quot;:{&quot;value&quot;:&quot;fas fa-user&quot;,&quot;library&quot;:&quot;fa-solid&quot;},&quot;sg_content_meta_author_icon_position&quot;:&quot;before&quot;,&quot;sg_content_meta_date_enable&quot;:&quot;&quot;,&quot;sg_content_meta_date_type&quot;:&quot;published&quot;,&quot;sg_content_meta_date_format&quot;:&quot;default&quot;,&quot;sg_content_meta_date_format_custom&quot;:&quot;F j, Y&quot;,&quot;sg_content_meta_date_icon&quot;:{&quot;value&quot;:&quot;fas fa-clock&quot;,&quot;library&quot;:&quot;fa-solid&quot;},&quot;sg_content_meta_date_icon_position&quot;:&quot;before&quot;,&quot;sg_content_image_size_imagesize_size&quot;:&quot;full&quot;,&quot;paged&quot;:1,&quot;class&quot;:&quot;jkit_post_block&quot;}\"><div class=\"jkit-block-container\"><div class=\"jkit-posts jkit-ajax-flag\">\n            <article class=\"jkit-post post-205 post type-post status-publish format-standard has-post-thumbnail hentry category-noticias\">\n                    <div class=\"jkit-thumb\"><a aria-label=\"Seguro de cart\u00e3o de cr\u00e9dito n\u00e3o \u00e9 obrigat\u00f3rio.\" href=\"https:\/\/soarescortez.adv.br\/index.php\/2023\/04\/24\/seguro-de-cartao-de-credito-nao-e-obrigatorio\/\"><div class=\"thumbnail-container \">\n            <img loading=\"lazy\" width=\"2000\" height=\"1333\" src=\"https:\/\/soarescortez.adv.br\/wp-content\/uploads\/2023\/04\/business-financing-accounting-banking-concept.jpg\" class=\"attachment-full size-full wp-post-image\" alt=\"\" decoding=\"async\" loading=\"lazy\" srcset=\"https:\/\/soarescortez.adv.br\/wp-content\/uploads\/2023\/04\/business-financing-accounting-banking-concept.jpg 2000w, https:\/\/soarescortez.adv.br\/wp-content\/uploads\/2023\/04\/business-financing-accounting-banking-concept-300x200.jpg 300w, https:\/\/soarescortez.adv.br\/wp-content\/uploads\/2023\/04\/business-financing-accounting-banking-concept-1024x682.jpg 1024w, https:\/\/soarescortez.adv.br\/wp-content\/uploads\/2023\/04\/business-financing-accounting-banking-concept-768x512.jpg 768w, https:\/\/soarescortez.adv.br\/wp-content\/uploads\/2023\/04\/business-financing-accounting-banking-concept-1536x1024.jpg 1536w\" sizes=\"(max-width: 2000px) 100vw, 2000px\" \/>\n        <\/div><\/a><div class=\"jkit-post-category position-left\"><span><a href=\"https:\/\/soarescortez.adv.br\/index.php\/category\/noticias\/\" class=\"category-noticias\">Not\u00edcias<\/a><\/span><\/div><\/div>\n                    <div class=\"jkit-postblock-content\"><h3 class=\"jkit-post-title\">\n\t\t\t\t\t\t\t<a href=\"https:\/\/soarescortez.adv.br\/index.php\/2023\/04\/24\/seguro-de-cartao-de-credito-nao-e-obrigatorio\/\">Seguro de cart\u00e3o de cr\u00e9dito n\u00e3o \u00e9 obrigat\u00f3rio.<\/a>\n\t\t\t\t\t\t<\/h3><div class=\"jkit-post-excerpt\"><p>Seguro de cart\u00e3o de cr\u00e9dito n\u00e3o \u00e9 obrigat\u00f3rio. wagnercampos 24 de abril de 2023 Not\u00edcias Lorem ipsum dolor sit amet,...<\/p><\/div><div class=\"jkit-post-meta-bottom\">\n\t\t\t\t\t\t\t<div class=\"jkit-meta-readmore icon-position-after\">\n                <a title=\"Seguro de cart\u00e3o de cr\u00e9dito n\u00e3o \u00e9 obrigat\u00f3rio.\" href=\"https:\/\/soarescortez.adv.br\/index.php\/2023\/04\/24\/seguro-de-cartao-de-credito-nao-e-obrigatorio\/\" class=\"jkit-readmore\">Leia mais<i aria-hidden=\"true\" class=\"fas fa-arrow-right\"><\/i><\/a>\n            <\/div>\n\t\t\t\t\t\t<\/div><\/div>\n                <\/article><article class=\"jkit-post post-201 post type-post status-publish format-standard has-post-thumbnail hentry category-noticias\">\n                    <div class=\"jkit-thumb\"><a aria-label=\"Pessoas com c\u00e2ncer possuem direitos especiais?\" href=\"https:\/\/soarescortez.adv.br\/index.php\/2023\/04\/24\/pessoas-com-cancer-possuem-direitos-especiais\/\"><div class=\"thumbnail-container \">\n            <img loading=\"lazy\" width=\"2000\" height=\"1333\" src=\"https:\/\/soarescortez.adv.br\/wp-content\/uploads\/2023\/04\/business-contract.jpg\" class=\"attachment-full size-full wp-post-image\" alt=\"\" decoding=\"async\" loading=\"lazy\" srcset=\"https:\/\/soarescortez.adv.br\/wp-content\/uploads\/2023\/04\/business-contract.jpg 2000w, https:\/\/soarescortez.adv.br\/wp-content\/uploads\/2023\/04\/business-contract-300x200.jpg 300w, https:\/\/soarescortez.adv.br\/wp-content\/uploads\/2023\/04\/business-contract-1024x682.jpg 1024w, https:\/\/soarescortez.adv.br\/wp-content\/uploads\/2023\/04\/business-contract-768x512.jpg 768w, https:\/\/soarescortez.adv.br\/wp-content\/uploads\/2023\/04\/business-contract-1536x1024.jpg 1536w\" sizes=\"(max-width: 2000px) 100vw, 2000px\" \/>\n        <\/div><\/a><div class=\"jkit-post-category position-left\"><span><a href=\"https:\/\/soarescortez.adv.br\/index.php\/category\/noticias\/\" class=\"category-noticias\">Not\u00edcias<\/a><\/span><\/div><\/div>\n                    <div class=\"jkit-postblock-content\"><h3 class=\"jkit-post-title\">\n\t\t\t\t\t\t\t<a href=\"https:\/\/soarescortez.adv.br\/index.php\/2023\/04\/24\/pessoas-com-cancer-possuem-direitos-especiais\/\">Pessoas com c\u00e2ncer possuem direitos especiais?<\/a>\n\t\t\t\t\t\t<\/h3><div class=\"jkit-post-excerpt\"><p><\/p><\/div><div class=\"jkit-post-meta-bottom\">\n\t\t\t\t\t\t\t<div class=\"jkit-meta-readmore icon-position-after\">\n                <a title=\"Pessoas com c\u00e2ncer possuem direitos especiais?\" href=\"https:\/\/soarescortez.adv.br\/index.php\/2023\/04\/24\/pessoas-com-cancer-possuem-direitos-especiais\/\" class=\"jkit-readmore\">Leia mais<i aria-hidden=\"true\" class=\"fas fa-arrow-right\"><\/i><\/a>\n            <\/div>\n\t\t\t\t\t\t<\/div><\/div>\n                <\/article><article class=\"jkit-post post-1 post type-post status-publish format-standard has-post-thumbnail hentry category-noticias\">\n                    <div class=\"jkit-thumb\"><a aria-label=\"Novas regras sobre o superendividamento (Lei N\u00b014.181\/2021)\" href=\"https:\/\/soarescortez.adv.br\/index.php\/2023\/04\/18\/ola-mundo\/\"><div class=\"thumbnail-container \">\n            <img loading=\"lazy\" width=\"2000\" height=\"1335\" src=\"https:\/\/soarescortez.adv.br\/wp-content\/uploads\/2023\/04\/handshake-mean-successful-contract-between-companies-conception-of-business.jpg\" class=\"attachment-full size-full wp-post-image\" alt=\"\" decoding=\"async\" loading=\"lazy\" srcset=\"https:\/\/soarescortez.adv.br\/wp-content\/uploads\/2023\/04\/handshake-mean-successful-contract-between-companies-conception-of-business.jpg 2000w, https:\/\/soarescortez.adv.br\/wp-content\/uploads\/2023\/04\/handshake-mean-successful-contract-between-companies-conception-of-business-300x200.jpg 300w, https:\/\/soarescortez.adv.br\/wp-content\/uploads\/2023\/04\/handshake-mean-successful-contract-between-companies-conception-of-business-1024x684.jpg 1024w, https:\/\/soarescortez.adv.br\/wp-content\/uploads\/2023\/04\/handshake-mean-successful-contract-between-companies-conception-of-business-768x513.jpg 768w, https:\/\/soarescortez.adv.br\/wp-content\/uploads\/2023\/04\/handshake-mean-successful-contract-between-companies-conception-of-business-1536x1025.jpg 1536w\" sizes=\"(max-width: 2000px) 100vw, 2000px\" \/>\n        <\/div><\/a><div class=\"jkit-post-category position-left\"><span><a href=\"https:\/\/soarescortez.adv.br\/index.php\/category\/noticias\/\" class=\"category-noticias\">Not\u00edcias<\/a><\/span><\/div><\/div>\n                    <div class=\"jkit-postblock-content\"><h3 class=\"jkit-post-title\">\n\t\t\t\t\t\t\t<a href=\"https:\/\/soarescortez.adv.br\/index.php\/2023\/04\/18\/ola-mundo\/\">Novas regras sobre o superendividamento (Lei N\u00b014.181\/2021)<\/a>\n\t\t\t\t\t\t<\/h3><div class=\"jkit-post-excerpt\"><p><\/p><\/div><div class=\"jkit-post-meta-bottom\">\n\t\t\t\t\t\t\t<div class=\"jkit-meta-readmore icon-position-after\">\n                <a title=\"Novas regras sobre o superendividamento (Lei N\u00b014.181\/2021)\" href=\"https:\/\/soarescortez.adv.br\/index.php\/2023\/04\/18\/ola-mundo\/\" class=\"jkit-readmore\">Leia mais<i aria-hidden=\"true\" class=\"fas fa-arrow-right\"><\/i><\/a>\n            <\/div>\n\t\t\t\t\t\t<\/div><\/div>\n                <\/article>\n        <\/div><\/div><\/div>\t\t\t\t<\/div>\n\t\t\t\t<\/div>\n\t\t\t\t\t<\/div>\n\t\t<\/div>\n\t\t\t\t\t<\/div>\n\t\t<\/section>\n\t\t\t\t<\/div>\n\t\t","protected":false},"excerpt":{"rendered":"<p>edit post Not\u00edcias Seguro de cart\u00e3o de cr\u00e9dito n\u00e3o \u00e9 obrigat\u00f3rio. Leia mais edit post Not\u00edcias Seguro de cart\u00e3o de cr\u00e9dito n\u00e3o \u00e9 obrigat\u00f3rio. Seguro de cart\u00e3o de cr\u00e9dito n\u00e3o \u00e9 obrigat\u00f3rio. wagnercampos 24 de abril de 2023 Not\u00edcias Lorem ipsum dolor sit amet,&#8230; Leia mais edit post Not\u00edcias Pessoas com c\u00e2ncer possuem direitos especiais? [&hellip;]<\/p>\n","protected":false},"author":1,"featured_media":0,"parent":0,"menu_order":0,"comment_status":"closed","ping_status":"closed","template":"elementor_header_footer","meta":{"footnotes":""},"_links":{"self":[{"href":"https:\/\/soarescortez.adv.br\/index.php\/wp-json\/wp\/v2\/pages\/340"}],"collection":[{"href":"https:\/\/soarescortez.adv.br\/index.php\/wp-json\/wp\/v2\/pages"}],"about":[{"href":"https:\/\/soarescortez.adv.br\/index.php\/wp-json\/wp\/v2\/types\/page"}],"author":[{"embeddable":true,"href":"https:\/\/soarescortez.adv.br\/index.php\/wp-json\/wp\/v2\/users\/1"}],"replies":[{"embeddable":true,"href":"https:\/\/soarescortez.adv.br\/index.php\/wp-json\/wp\/v2\/comments?post=340"}],"version-history":[{"count":32,"href":"https:\/\/soarescortez.adv.br\/index.php\/wp-json\/wp\/v2\/pages\/340\/revisions"}],"predecessor-version":[{"id":1614,"href":"https:\/\/soarescortez.adv.br\/index.php\/wp-json\/wp\/v2\/pages\/340\/revisions\/1614"}],"wp:attachment":[{"href":"https:\/\/soarescortez.adv.br\/index.php\/wp-json\/wp\/v2\/media?parent=340"}],"curies":[{"name":"wp","href":"https:\/\/api.w.org\/{rel}","templated":true}]}}